{"id":246,"date":"2018-04-24T15:47:21","date_gmt":"2018-04-24T18:47:21","guid":{"rendered":"http:\/\/anacostasaudesite.com.br\/site\/?page_id=246"},"modified":"2019-08-28T18:17:08","modified_gmt":"2019-08-28T21:17:08","slug":"sobre","status":"publish","type":"page","link":"https:\/\/conveniomedico.net.br\/somposaude\/sobre\/","title":{"rendered":"Sobre"},"content":{"rendered":"\t\t<div data-elementor-type=\"wp-post\" data-elementor-id=\"246\" class=\"elementor elementor-246\" data-elementor-post-type=\"page\">\n\t\t\t\t\t\t<section class=\"elementor-section elementor-top-section elementor-element elementor-element-7a9db869 elementor-section-boxed elementor-section-height-default elementor-section-height-default\" data-id=\"7a9db869\" data-element_type=\"section\" data-e-type=\"section\" data-settings=\"{&quot;background_background&quot;:&quot;classic&quot;}\">\n\t\t\t\t\t\t<div class=\"elementor-container elementor-column-gap-no\">\n\t\t\t\t\t<div class=\"elementor-column elementor-col-100 elementor-top-column elementor-element elementor-element-1164f8d7\" data-id=\"1164f8d7\" data-element_type=\"column\" data-e-type=\"column\">\n\t\t\t<div class=\"elementor-widget-wrap elementor-element-populated\">\n\t\t\t\t\t\t<div class=\"elementor-element elementor-element-6870d241 elementor-widget elementor-widget-heading\" data-id=\"6870d241\" data-element_type=\"widget\" data-e-type=\"widget\" data-widget_type=\"heading.default\">\n\t\t\t\t<div class=\"elementor-widget-container\">\n\t\t\t\t\t<h2 class=\"elementor-heading-title elementor-size-xl\">Sobre a Sompo Sa\u00fade<\/h2>\t\t\t\t<\/div>\n\t\t\t\t<\/div>\n\t\t\t\t<section class=\"elementor-section elementor-inner-section elementor-element elementor-element-6893d09d elementor-section-boxed elementor-section-height-default elementor-section-height-default\" data-id=\"6893d09d\" data-element_type=\"section\" data-e-type=\"section\" data-settings=\"{&quot;background_background&quot;:&quot;classic&quot;}\">\n\t\t\t\t\t\t<div class=\"elementor-container elementor-column-gap-default\">\n\t\t\t\t\t<div class=\"elementor-column elementor-col-50 elementor-inner-column elementor-element elementor-element-61c0dfb2\" data-id=\"61c0dfb2\" data-element_type=\"column\" data-e-type=\"column\">\n\t\t\t<div class=\"elementor-widget-wrap elementor-element-populated\">\n\t\t\t\t\t\t<div class=\"elementor-element elementor-element-208349aa elementor-widget elementor-widget-text-editor\" data-id=\"208349aa\" data-element_type=\"widget\" data-e-type=\"widget\" data-widget_type=\"text-editor.default\">\n\t\t\t\t<div class=\"elementor-widget-container\">\n\t\t\t\t\t\t\t\t\t<p>No Brasil, a <strong>Sompo<\/strong> nasceu da integra\u00e7\u00e3o das opera\u00e7\u00f5es da Mar\u00edtima Seguros, companhia fundada em Santos em 1943, e da Yasuda Seguros, que est\u00e1 no Brasil desde 1959. Reunindo o conhecimento de uma empresa local e a experi\u00eancia de uma empresa global.<\/p><p>A <strong>Sompo<\/strong> foi fundada com o intuito de humanizar a rela\u00e7\u00e3o entre o seguro e o segurado, oferecendo um plano de estudo frente \u00e0s melhores t\u00e9cnicas securit\u00e1rias, possibilitando que cada cliente se sinta \u00fanico.<\/p>\t\t\t\t\t\t\t\t<\/div>\n\t\t\t\t<\/div>\n\t\t\t\t\t<\/div>\n\t\t<\/div>\n\t\t\t\t<div class=\"elementor-column elementor-col-50 elementor-inner-column elementor-element elementor-element-1c3eab0b\" data-id=\"1c3eab0b\" data-element_type=\"column\" data-e-type=\"column\">\n\t\t\t<div class=\"elementor-widget-wrap elementor-element-populated\">\n\t\t\t\t\t\t<div class=\"elementor-element elementor-element-560ee64e elementor-widget elementor-widget-text-editor\" data-id=\"560ee64e\" data-element_type=\"widget\" data-e-type=\"widget\" data-widget_type=\"text-editor.default\">\n\t\t\t\t<div class=\"elementor-widget-container\">\n\t\t\t\t\t\t\t\t\t<p>Em 32 pa\u00edses, o <strong>Grupo Sompo Holdings<\/strong> re\u00fane 50 mil colaboradores empenhados em garantir que os mais de 20 milh\u00f5es de clientes estejam sempre bem. No Brasil, conta com 2 mil colaboradores e filiais localizadas em todas as regi\u00f5es para oferecer solidez e excel\u00eancia.<\/p><p>A <strong>Sompo<\/strong> trabalha para ter a certeza de que tudo vai ficar bem com voc\u00ea, porque no final das contas \u00e9 isso que mais importa.<\/p>\t\t\t\t\t\t\t\t<\/div>\n\t\t\t\t<\/div>\n\t\t\t\t\t<\/div>\n\t\t<\/div>\n\t\t\t\t\t<\/div>\n\t\t<\/section>\n\t\t\t\t\t<\/div>\n\t\t<\/div>\n\t\t\t\t\t<\/div>\n\t\t<\/section>\n\t\t\t\t<\/div>\n\t\t","protected":false},"excerpt":{"rendered":"<p>Sobre a Sompo Sa\u00fade No Brasil, a Sompo nasceu da integra\u00e7\u00e3o das opera\u00e7\u00f5es da Mar\u00edtima Seguros, companhia fundada em Santos em 1943, e da Yasuda Seguros, que est\u00e1 no Brasil desde 1959. Reunindo o conhecimento de uma empresa local e a experi\u00eancia de uma empresa global. A Sompo foi fundada com o intuito de humanizar &#8230; <a title=\"Sobre\" class=\"read-more\" href=\"https:\/\/conveniomedico.net.br\/somposaude\/sobre\/\" aria-label=\"Read more about Sobre\">Ler mais<\/a><\/p>\n","protected":false},"author":2,"featured_media":0,"parent":0,"menu_order":0,"comment_status":"closed","ping_status":"closed","template":"","meta":{"generate_page_header":"","footnotes":""},"class_list":["post-246","page","type-page","status-publish"],"_links":{"self":[{"href":"https:\/\/conveniomedico.net.br\/somposaude\/wp-json\/wp\/v2\/pages\/246","targetHints":{"allow":["GET"]}}],"collection":[{"href":"https:\/\/conveniomedico.net.br\/somposaude\/wp-json\/wp\/v2\/pages"}],"about":[{"href":"https:\/\/conveniomedico.net.br\/somposaude\/wp-json\/wp\/v2\/types\/page"}],"author":[{"embeddable":true,"href":"https:\/\/conveniomedico.net.br\/somposaude\/wp-json\/wp\/v2\/users\/2"}],"replies":[{"embeddable":true,"href":"https:\/\/conveniomedico.net.br\/somposaude\/wp-json\/wp\/v2\/comments?post=246"}],"version-history":[{"count":58,"href":"https:\/\/conveniomedico.net.br\/somposaude\/wp-json\/wp\/v2\/pages\/246\/revisions"}],"predecessor-version":[{"id":1033,"href":"https:\/\/conveniomedico.net.br\/somposaude\/wp-json\/wp\/v2\/pages\/246\/revisions\/1033"}],"wp:attachment":[{"href":"https:\/\/conveniomedico.net.br\/somposaude\/wp-json\/wp\/v2\/media?parent=246"}],"curies":[{"name":"wp","href":"https:\/\/api.w.org\/{rel}","templated":true}]}}